{"id":40,"date":"2016-10-11T21:19:20","date_gmt":"2016-10-11T21:19:20","guid":{"rendered":"http:\/\/danielavilaruiz.mx\/diputado\/?page_id=40"},"modified":"2016-10-11T21:19:20","modified_gmt":"2016-10-11T21:19:20","slug":"votaciones","status":"publish","type":"page","link":"https:\/\/danielavilaruiz.mx\/diputado\/votaciones\/","title":{"rendered":"Votaciones"},"content":{"rendered":"<ul>\n<li><a href=\"https:\/\/danielavilaruiz.mx\/diputado\/wp-content\/uploads\/2016\/10\/daniel-avila-ruiz-primer-periodo-de-sesiones-ordinarias-del-primer-ano-2009-2012.pdf\" target=\"_blank\">Primer Per\u00edodo de Sesiones Ordinarias del Primer A\u00f1o<\/a><\/li>\n<li><a href=\"https:\/\/danielavilaruiz.mx\/diputado\/wp-content\/uploads\/2016\/10\/daniel-avila-ruiz-segundo-periodo-de-sesiones-ordinarias-del-primer-ano-2009-2012.pdf\" target=\"_blank\">Segundo Per\u00edodo de Sesiones Ordinarias del Primer A\u00f1o<\/a><\/li>\n<li><a href=\"https:\/\/danielavilaruiz.mx\/diputado\/wp-content\/uploads\/2016\/10\/daniel-avila-ruiz-primer-periodo-de-sesiones-ordinarias-del-segundo-ano-2009-2012.pdf\" target=\"_blank\">Primer Per\u00edodo de Sesiones Ordinarias del Segundo A\u00f1o<\/a><\/li>\n<li><a href=\"https:\/\/danielavilaruiz.mx\/diputado\/wp-content\/uploads\/2016\/10\/daniel-avila-ruiz-segundo-periodo-de-sesiones-ordinarias-del-segundo-ano-2009-2012.pdf\" target=\"_blank\">Segundo Per\u00edodo de Sesiones Ordinarias del Segundo A\u00f1o<\/a><\/li>\n<li><a href=\"https:\/\/danielavilaruiz.mx\/diputado\/wp-content\/uploads\/2016\/10\/daniel-avila-ruiz-primer-periodo-de-sesiones-ordinarias-del-tercer-ano-2009-2012.pdf\" target=\"_blank\">Primer Per\u00edodo de Sesiones Ordinarias del Tercer A\u00f1o<\/a><\/li>\n<li><a href=\"https:\/\/danielavilaruiz.mx\/diputado\/wp-content\/uploads\/2016\/10\/daniel-avila-ruiz-segundo-periodo-de-sesiones-ordinarias-del-tercer-ano-2009-2012.pdf\" target=\"_blank\">Segundo Periodo de Sesiones Ordinarias del Tercer A\u00f1o<\/a><\/li>\n<\/ul>\n<p>&nbsp;<\/p>\n","protected":false},"excerpt":{"rendered":"<p>Primer Per\u00edodo de Sesiones Ordinarias del Primer A\u00f1o Segundo Per\u00edodo de Sesiones Ordinarias del Primer A\u00f1o Primer Per\u00edodo de Sesiones Ordinarias del Segundo A\u00f1o Segundo Per\u00edodo de Sesiones Ordinarias del Segundo A\u00f1o Primer Per\u00edodo de Sesiones Ordinarias del Tercer A\u00f1o Segundo Periodo de Sesiones Ordinarias del Tercer A\u00f1o &nbsp;<\/p>\n","protected":false},"author":1,"featured_media":0,"parent":0,"menu_order":0,"comment_status":"closed","ping_status":"closed","template":"","meta":{"spay_email":""},"jetpack_sharing_enabled":true,"jetpack_shortlink":"https:\/\/wp.me\/P9rZ87-E","_links":{"self":[{"href":"https:\/\/danielavilaruiz.mx\/diputado\/wp-json\/wp\/v2\/pages\/40"}],"collection":[{"href":"https:\/\/danielavilaruiz.mx\/diputado\/wp-json\/wp\/v2\/pages"}],"about":[{"href":"https:\/\/danielavilaruiz.mx\/diputado\/wp-json\/wp\/v2\/types\/page"}],"author":[{"embeddable":true,"href":"https:\/\/danielavilaruiz.mx\/diputado\/wp-json\/wp\/v2\/users\/1"}],"replies":[{"embeddable":true,"href":"https:\/\/danielavilaruiz.mx\/diputado\/wp-json\/wp\/v2\/comments?post=40"}],"version-history":[{"count":1,"href":"https:\/\/danielavilaruiz.mx\/diputado\/wp-json\/wp\/v2\/pages\/40\/revisions"}],"predecessor-version":[{"id":47,"href":"https:\/\/danielavilaruiz.mx\/diputado\/wp-json\/wp\/v2\/pages\/40\/revisions\/47"}],"wp:attachment":[{"href":"https:\/\/danielavilaruiz.mx\/diputado\/wp-json\/wp\/v2\/media?parent=40"}],"curies":[{"name":"wp","href":"https:\/\/api.w.org\/{rel}","templated":true}]}}