{"id":375,"date":"2016-10-19T18:50:20","date_gmt":"2016-10-19T18:50:20","guid":{"rendered":"http:\/\/danielavilaruiz.mx\/diputado\/?page_id=375"},"modified":"2016-10-21T21:35:07","modified_gmt":"2016-10-21T21:35:07","slug":"home","status":"publish","type":"page","link":"https:\/\/danielavilaruiz.mx\/diputado\/","title":{"rendered":"Home"},"content":{"rendered":"<div id=\"lipsum\">\n<h1 style=\"text-align: center;\">Bienvenid@s a DAR Diputado<\/h1>\n<p style=\"padding-left: 60px;\">No recuerdo un solo momento de mi vida en el que la pol\u00edtica no me haya acompa\u00f1ado, siempre guiado por los valores y principios del Partido Acci\u00f3n Nacional. Mi infancia transcurri\u00f3 entre giras y campa\u00f1as al lado de mi padre, Daniel \u00c1vila Aranda, en varias ocasiones candidato a diputado local y federal, y a alcalde de Tizim\u00edn, mi municipio natal.<\/p>\n<p style=\"padding-left: 60px;\">Mis primeras incursiones en el activismo pol\u00edtico sucedieron de manera informal, acompa\u00f1ando a representantes de casilla a las localidades remotas de Tizim\u00edn; \u00edbamos adonde nadie quer\u00eda ir. En 1987, a los 16 a\u00f1os, me integr\u00e9 a Acci\u00f3n Juvenil y dos a\u00f1os despu\u00e9s al PAN, con la clara inquietud de fortalecer a los j\u00f3venes como grupo social, de luchar porque se nos viera como actores sociales con voz y capacidad proactiva.<\/p>\n<p style=\"padding-left: 60px;\">Al mismo tiempo, me titul\u00e9 de contador p\u00fablico en la Universidad Aut\u00f3noma de Yucat\u00e1n \u2500donde en 2003 obtuve tambi\u00e9n la maestr\u00eda en Administraci\u00f3n. En 2010, adem\u00e1s, me gradu\u00e9 en la maestr\u00eda en Finanzas.<\/p>\n<p style=\"padding-left: 60px;\">Los primeros cargos p\u00fablicos que ocup\u00e9 fueron los de jefe y subdirector de Egresos del Ayuntamiento de M\u00e9rida (1999-2006); por esta \u00faltima funci\u00f3n, con mi equipo de trabajo recibimos el Premio Nacional de Transparencia 2006.<\/p>\n<p style=\"padding-left: 60px;\">Al a\u00f1o siguiente fui electo candidato panista a diputado local por el X Distrito de Yucat\u00e1n. Fue un triunfo inesperado, pero no qued\u00f3 duda: los panistas optaron por un pol\u00edtico joven, profesionista y de una familia con valores arraigados. En los meses posteriores la ciudadan\u00eda lo refrend\u00f3 en las urnas.<\/p>\n<p style=\"padding-left: 60px;\">Como legislador local gestion\u00e9 m\u00e1s apoyo para el campo y la actividad pesquera. Uno de mis m\u00e1s grandes orgullos fue lograr la aprobaci\u00f3n, por unanimidad, de la Ley de Juventud del estado.<\/p>\n<p style=\"padding-left: 60px;\">Desde ah\u00ed llegu\u00e9 a la C\u00e1mara de Diputados, donde presid\u00ed el Comit\u00e9 del Centro de Estudios Sociales y de Opini\u00f3n P\u00fablica, y fui secretario de la Comisi\u00f3n de Vigilancia de la Auditor\u00eda Superior de la Federaci\u00f3n, e integrante de las comisiones de\u00a0Juventud y Deporte y Reforma Agraria.<\/p>\n<p style=\"padding-left: 60px;\">Congruente con mis preceptos de honestidad y transparencia, fui el primer diputado panista, durante la LVIII Legislatura, que hizo p\u00fablica su declaraci\u00f3n patrimonial, bajo el lema personal \u00abSi mi ingreso proviene de dinero p\u00fablico, su manejo debe ser p\u00fablico\u00bb.<\/p>\n<p style=\"padding-left: 60px;\">En este micrositio puedes consultar los ingresos que recib\u00ed por mi trabajo como diputado federal y las gestiones que realic\u00e9. Mi raz\u00f3n de ser sigue siendo el manejo escrupuloso de los recursos p\u00fablicos y mejores condiciones de vida para los mexicanos.<\/p>\n<\/div>\n","protected":false},"excerpt":{"rendered":"<p>Bienvenid@s a DAR Diputado No recuerdo un solo momento de mi vida en el que la pol\u00edtica no me haya acompa\u00f1ado, siempre guiado por los valores y principios del Partido Acci\u00f3n Nacional. Mi infancia transcurri\u00f3 entre giras y campa\u00f1as al lado de mi padre, Daniel \u00c1vila Aranda, en varias ocasiones candidato a diputado local y federal, y a alcalde de Tizim\u00edn, mi municipio natal. Mis primeras incursiones en el activismo [&hellip;]<\/p>\n","protected":false},"author":1,"featured_media":0,"parent":0,"menu_order":0,"comment_status":"closed","ping_status":"closed","template":"","meta":{"spay_email":""},"jetpack_sharing_enabled":true,"jetpack_shortlink":"https:\/\/wp.me\/P9rZ87-63","_links":{"self":[{"href":"https:\/\/danielavilaruiz.mx\/diputado\/wp-json\/wp\/v2\/pages\/375"}],"collection":[{"href":"https:\/\/danielavilaruiz.mx\/diputado\/wp-json\/wp\/v2\/pages"}],"about":[{"href":"https:\/\/danielavilaruiz.mx\/diputado\/wp-json\/wp\/v2\/types\/page"}],"author":[{"embeddable":true,"href":"https:\/\/danielavilaruiz.mx\/diputado\/wp-json\/wp\/v2\/users\/1"}],"replies":[{"embeddable":true,"href":"https:\/\/danielavilaruiz.mx\/diputado\/wp-json\/wp\/v2\/comments?post=375"}],"version-history":[{"count":7,"href":"https:\/\/danielavilaruiz.mx\/diputado\/wp-json\/wp\/v2\/pages\/375\/revisions"}],"predecessor-version":[{"id":391,"href":"https:\/\/danielavilaruiz.mx\/diputado\/wp-json\/wp\/v2\/pages\/375\/revisions\/391"}],"wp:attachment":[{"href":"https:\/\/danielavilaruiz.mx\/diputado\/wp-json\/wp\/v2\/media?parent=375"}],"curies":[{"name":"wp","href":"https:\/\/api.w.org\/{rel}","templated":true}]}}